{"id":833,"date":"2026-01-02T20:27:15","date_gmt":"2026-01-02T20:27:15","guid":{"rendered":"https:\/\/mfltech.com.br\/index.php\/servicos\/"},"modified":"2026-03-01T19:36:06","modified_gmt":"2026-03-01T19:36:06","slug":"empresas","status":"publish","type":"page","link":"https:\/\/mfltech.com.br\/?page_id=833","title":{"rendered":"Empresas"},"content":{"rendered":"\t\t<div data-elementor-type=\"wp-page\" data-elementor-id=\"833\" class=\"elementor elementor-833\" data-elementor-settings=\"{&quot;ha_cmc_init_switcher&quot;:&quot;no&quot;}\">\n\t\t\t\t<div class=\"elementor-element elementor-element-434dd43 e-flex e-con-boxed wpr-particle-no wpr-jarallax-no wpr-parallax-no wpr-sticky-section-no wpr-equal-height-no e-con e-parent\" data-id=\"434dd43\" data-element_type=\"container\" data-e-type=\"container\" data-settings=\"{&quot;background_background&quot;:&quot;classic&quot;,&quot;_ha_eqh_enable&quot;:false}\">\n\t\t\t\t\t<div class=\"e-con-inner\">\n\t\t<div class=\"elementor-element elementor-element-e5ad30b e-con-full e-flex wpr-particle-no wpr-jarallax-no wpr-parallax-no wpr-sticky-section-no wpr-equal-height-no e-con e-child\" data-id=\"e5ad30b\" data-element_type=\"container\" data-e-type=\"container\" data-settings=\"{&quot;_ha_eqh_enable&quot;:false}\">\n\t\t\t\t<div class=\"elementor-element elementor-element-da4b890 elementor-widget elementor-widget-heading\" data-id=\"da4b890\" data-element_type=\"widget\" data-e-type=\"widget\" data-widget_type=\"heading.default\">\n\t\t\t\t<div class=\"elementor-widget-container\">\n\t\t\t\t\t<h2 class=\"elementor-heading-title elementor-size-default\">Transforme sua vis\u00e3o em tecnologia<\/h2>\t\t\t\t<\/div>\n\t\t\t\t<\/div>\n\t\t\t\t<\/div>\n\t\t<div class=\"elementor-element elementor-element-098d7eb e-con-full e-flex wpr-particle-no wpr-jarallax-no wpr-parallax-no wpr-sticky-section-no wpr-equal-height-no e-con e-child\" data-id=\"098d7eb\" data-element_type=\"container\" data-e-type=\"container\" data-settings=\"{&quot;_ha_eqh_enable&quot;:false}\">\n\t\t\t\t<div class=\"elementor-element elementor-element-dd73d12 elementor-widget__width-initial elementor-widget elementor-widget-text-editor\" data-id=\"dd73d12\" data-element_type=\"widget\" data-e-type=\"widget\" data-widget_type=\"text-editor.default\">\n\t\t\t\t<div class=\"elementor-widget-container\">\n\t\t\t\t\t\t\t\t\t<p>Na MFL Tech, oferecemos solu\u00e7\u00f5es tecnol\u00f3gicas personalizadas para impulsionar seu neg\u00f3cio. Nossa expertise abrange desenvolvimento de software, manuten\u00e7\u00e3o de dispositivos e servi\u00e7os em nuvem, garantindo que sua empresa esteja sempre \u00e0 frente no mercado. Descubra como podemos ajudar voc\u00ea a alcan\u00e7ar seus objetivos com inova\u00e7\u00e3o e confian\u00e7a.<\/p>\t\t\t\t\t\t\t\t<\/div>\n\t\t\t\t<\/div>\n\t\t\t\t<\/div>\n\t\t<div class=\"elementor-element elementor-element-34adc09 e-con-full e-flex wpr-particle-no wpr-jarallax-no wpr-parallax-no wpr-sticky-section-no wpr-equal-height-no e-con e-child\" data-id=\"34adc09\" data-element_type=\"container\" data-e-type=\"container\" data-settings=\"{&quot;_ha_eqh_enable&quot;:false}\">\n\t\t\t\t<div class=\"elementor-element elementor-element-a8d4e48 elementor-widget__width-initial elementor-widget elementor-widget-counter\" data-id=\"a8d4e48\" data-element_type=\"widget\" data-e-type=\"widget\" data-widget_type=\"counter.default\">\n\t\t\t\t<div class=\"elementor-widget-container\">\n\t\t\t\t\t\t\t<div class=\"elementor-counter\">\n\t\t\t<div class=\"elementor-counter-title\">Clientes Satisfeitos<\/div>\t\t\t<div class=\"elementor-counter-number-wrapper\">\n\t\t\t\t<span class=\"elementor-counter-number-prefix\">+<\/span>\n\t\t\t\t<span class=\"elementor-counter-number\" data-duration=\"2000\" data-to-value=\"500\" data-from-value=\"0\" data-delimiter=\",\">0<\/span>\n\t\t\t\t<span class=\"elementor-counter-number-suffix\"><\/span>\n\t\t\t<\/div>\n\t\t<\/div>\n\t\t\t\t\t\t<\/div>\n\t\t\t\t<\/div>\n\t\t\t\t<\/div>\n\t\t<div class=\"elementor-element elementor-element-9b4a60b e-con-full e-flex wpr-particle-no wpr-jarallax-no wpr-parallax-no wpr-sticky-section-no wpr-equal-height-no e-con e-child\" data-id=\"9b4a60b\" data-element_type=\"container\" data-e-type=\"container\" data-settings=\"{&quot;_ha_eqh_enable&quot;:false}\">\n\t\t\t\t<div class=\"elementor-element elementor-element-91f031c elementor-widget__width-initial elementor-widget elementor-widget-counter\" data-id=\"91f031c\" data-element_type=\"widget\" data-e-type=\"widget\" data-widget_type=\"counter.default\">\n\t\t\t\t<div class=\"elementor-widget-container\">\n\t\t\t\t\t\t\t<div class=\"elementor-counter\">\n\t\t\t<div class=\"elementor-counter-title\">Sites Construidos<\/div>\t\t\t<div class=\"elementor-counter-number-wrapper\">\n\t\t\t\t<span class=\"elementor-counter-number-prefix\">+<\/span>\n\t\t\t\t<span class=\"elementor-counter-number\" data-duration=\"2000\" data-to-value=\"200\" data-from-value=\"0\" data-delimiter=\",\">0<\/span>\n\t\t\t\t<span class=\"elementor-counter-number-suffix\"><\/span>\n\t\t\t<\/div>\n\t\t<\/div>\n\t\t\t\t\t\t<\/div>\n\t\t\t\t<\/div>\n\t\t\t\t<\/div>\n\t\t<div class=\"elementor-element elementor-element-fa88c29 e-con-full e-flex wpr-particle-no wpr-jarallax-no wpr-parallax-no wpr-sticky-section-no wpr-equal-height-no e-con e-child\" data-id=\"fa88c29\" data-element_type=\"container\" data-e-type=\"container\" data-settings=\"{&quot;_ha_eqh_enable&quot;:false}\">\n\t\t\t\t<div class=\"elementor-element elementor-element-486b102 elementor-widget__width-initial elementor-widget elementor-widget-counter\" data-id=\"486b102\" data-element_type=\"widget\" data-e-type=\"widget\" data-widget_type=\"counter.default\">\n\t\t\t\t<div class=\"elementor-widget-container\">\n\t\t\t\t\t\t\t<div class=\"elementor-counter\">\n\t\t\t<div class=\"elementor-counter-title\">Atendimentos conclu\u00eddos<\/div>\t\t\t<div class=\"elementor-counter-number-wrapper\">\n\t\t\t\t<span class=\"elementor-counter-number-prefix\">+<\/span>\n\t\t\t\t<span class=\"elementor-counter-number\" data-duration=\"2000\" data-to-value=\"500\" data-from-value=\"0\" data-delimiter=\",\">0<\/span>\n\t\t\t\t<span class=\"elementor-counter-number-suffix\"><\/span>\n\t\t\t<\/div>\n\t\t<\/div>\n\t\t\t\t\t\t<\/div>\n\t\t\t\t<\/div>\n\t\t\t\t<\/div>\n\t\t\t\t\t<\/div>\n\t\t\t\t<\/div>\n\t\t<div class=\"elementor-element elementor-element-405c8b0 e-flex e-con-boxed wpr-particle-no wpr-jarallax-no wpr-parallax-no wpr-sticky-section-no wpr-equal-height-no e-con e-parent\" data-id=\"405c8b0\" data-element_type=\"container\" data-e-type=\"container\" data-settings=\"{&quot;background_background&quot;:&quot;classic&quot;,&quot;_ha_eqh_enable&quot;:false}\">\n\t\t\t\t\t<div class=\"e-con-inner\">\n\t\t<div class=\"elementor-element elementor-element-c510d93 e-con-full e-flex wpr-particle-no wpr-jarallax-no wpr-parallax-no wpr-sticky-section-no wpr-equal-height-no e-con e-child\" data-id=\"c510d93\" data-element_type=\"container\" data-e-type=\"container\" data-settings=\"{&quot;_ha_eqh_enable&quot;:false}\">\n\t\t\t\t<div class=\"elementor-element elementor-element-bdfa422 elementor-widget__width-initial elementor-widget elementor-widget-image\" data-id=\"bdfa422\" data-element_type=\"widget\" data-e-type=\"widget\" data-widget_type=\"image.default\">\n\t\t\t\t<div class=\"elementor-widget-container\">\n\t\t\t\t\t\t\t\t\t\t\t\t\t\t\t<img fetchpriority=\"high\" decoding=\"async\" width=\"1024\" height=\"1024\" src=\"https:\/\/mfltech.com.br\/wp-content\/uploads\/2026\/01\/seu-negocio.png\" class=\"attachment-full size-full wp-image-1335\" alt=\"\" srcset=\"https:\/\/mfltech.com.br\/wp-content\/uploads\/2026\/01\/seu-negocio.png 1024w, https:\/\/mfltech.com.br\/wp-content\/uploads\/2026\/01\/seu-negocio-300x300.png 300w, https:\/\/mfltech.com.br\/wp-content\/uploads\/2026\/01\/seu-negocio-150x150.png 150w, https:\/\/mfltech.com.br\/wp-content\/uploads\/2026\/01\/seu-negocio-768x768.png 768w, https:\/\/mfltech.com.br\/wp-content\/uploads\/2026\/01\/seu-negocio-12x12.png 12w\" sizes=\"(max-width: 1024px) 100vw, 1024px\" \/>\t\t\t\t\t\t\t\t\t\t\t\t\t\t\t<\/div>\n\t\t\t\t<\/div>\n\t\t\t\t<\/div>\n\t\t<div class=\"elementor-element elementor-element-888ddd1 e-con-full e-flex wpr-particle-no wpr-jarallax-no wpr-parallax-no wpr-sticky-section-no wpr-equal-height-no e-con e-child\" data-id=\"888ddd1\" data-element_type=\"container\" data-e-type=\"container\" data-settings=\"{&quot;_ha_eqh_enable&quot;:false}\">\n\t\t\t\t<div class=\"elementor-element elementor-element-523c0a3 elementor-widget elementor-widget-heading\" data-id=\"523c0a3\" data-element_type=\"widget\" data-e-type=\"widget\" data-widget_type=\"heading.default\">\n\t\t\t\t<div class=\"elementor-widget-container\">\n\t\t\t\t\t<h2 class=\"elementor-heading-title elementor-size-default\">Voc\u00ea est\u00e1 perdendo vendas por falta de presen\u00e7a? \ud83d\udcc9<\/h2>\t\t\t\t<\/div>\n\t\t\t\t<\/div>\n\t\t\t\t<div class=\"elementor-element elementor-element-e525d67 elementor-widget elementor-widget-text-editor\" data-id=\"e525d67\" data-element_type=\"widget\" data-e-type=\"widget\" data-widget_type=\"text-editor.default\">\n\t\t\t\t<div class=\"elementor-widget-container\">\n\t\t\t\t\t\t\t\t\t<p data-path-to-node=\"11\">Muitas empresas excelentes morrem no anonimato porque n\u00e3o s\u00e3o encontradas na internet. Se voc\u00ea ainda depende apenas de indica\u00e7\u00f5es ou das redes sociais (que nem s\u00e3o suas de verdade!), seu neg\u00f3cio corre perigo.<\/p><p data-path-to-node=\"12\">Na <b data-path-to-node=\"12\" data-index-in-node=\"3\">MFL tech<\/b>, transformamos o seu neg\u00f3cio f\u00edsico em uma pot\u00eancia digital:<\/p><ul data-path-to-node=\"13\"><li><p data-path-to-node=\"13,0,0\">\u2705 <b data-path-to-node=\"13,0,0\" data-index-in-node=\"2\">Sites Institucionais:<\/b> Sua vitrine profissional.<\/p><\/li><li><p data-path-to-node=\"13,1,0\">\ud83d\uded2 <b data-path-to-node=\"13,1,0\" data-index-in-node=\"3\">E-commerce:<\/b> Sua loja aberta 24h, vendendo para qualquer lugar.<\/p><\/li><li><p data-path-to-node=\"13,2,0\">\ud83d\ude80 <b data-path-to-node=\"13,2,0\" data-index-in-node=\"3\">Landing Pages:<\/b> P\u00e1ginas de alta convers\u00e3o para seus an\u00fancios.<\/p><\/li><\/ul><p data-path-to-node=\"14\"><b data-path-to-node=\"14\" data-index-in-node=\"0\">Pre\u00e7o justo e tecnologia de ponta.<\/b> <br \/>O site que voc\u00ea sempre quis, pelo valor que voc\u00ea pode pagar.<\/p><p><!--EndFragment --><\/p>\t\t\t\t\t\t\t\t<\/div>\n\t\t\t\t<\/div>\n\t\t\t\t<\/div>\n\t\t\t\t\t<\/div>\n\t\t\t\t<\/div>\n\t\t<div class=\"elementor-element elementor-element-ea62df4 e-flex e-con-boxed wpr-particle-no wpr-jarallax-no wpr-parallax-no wpr-sticky-section-no wpr-equal-height-no e-con e-parent\" data-id=\"ea62df4\" data-element_type=\"container\" data-e-type=\"container\" data-settings=\"{&quot;background_background&quot;:&quot;classic&quot;,&quot;_ha_eqh_enable&quot;:false}\">\n\t\t\t\t\t<div class=\"e-con-inner\">\n\t\t<div class=\"elementor-element elementor-element-f13ece5 e-con-full e-flex wpr-particle-no wpr-jarallax-no wpr-parallax-no wpr-sticky-section-no wpr-equal-height-no e-con e-child\" data-id=\"f13ece5\" data-element_type=\"container\" data-e-type=\"container\" data-settings=\"{&quot;_ha_eqh_enable&quot;:false}\">\n\t\t\t\t<div class=\"elementor-element elementor-element-ec61c57 elementor-widget elementor-widget-heading\" data-id=\"ec61c57\" data-element_type=\"widget\" data-e-type=\"widget\" data-widget_type=\"heading.default\">\n\t\t\t\t<div class=\"elementor-widget-container\">\n\t\t\t\t\t<h2 class=\"elementor-heading-title elementor-size-default\">Servi\u00e7os de TI Sob Medida<\/h2>\t\t\t\t<\/div>\n\t\t\t\t<\/div>\n\t\t\t\t<div class=\"elementor-element elementor-element-68ba2c4 elementor-widget elementor-widget-text-editor\" data-id=\"68ba2c4\" data-element_type=\"widget\" data-e-type=\"widget\" data-widget_type=\"text-editor.default\">\n\t\t\t\t<div class=\"elementor-widget-container\">\n\t\t\t\t\t\t\t\t\t<p>Na <strong>MFL Tech<\/strong>, oferecemos solu\u00e7\u00f5es completas em <strong>Tecnologia da Informa\u00e7\u00e3o<\/strong> para empresas e usu\u00e1rios que precisam de suporte confi\u00e1vel e eficiente. Nosso objetivo \u00e9 garantir que sua infraestrutura tecnol\u00f3gica funcione sempre com seguran\u00e7a, desempenho e estabilidade.<\/p><p>\ud83d\udd27 <strong>O que fazemos por voc\u00ea<\/strong>:<\/p><ul><li>Suporte t\u00e9cnico especializado e atendimento remoto ou presencial<\/li><li>Instala\u00e7\u00e3o e configura\u00e7\u00e3o de sistemas e softwares<\/li><li>Manuten\u00e7\u00e3o preventiva e corretiva em equipamentos de TI<\/li><li>Gest\u00e3o e otimiza\u00e7\u00e3o de redes e servidores<\/li><li>Consultoria para melhorias e expans\u00e3o da infraestrutura tecnol\u00f3gica<\/li><\/ul><p>\ud83d\udca1 Com a MFL Tech, voc\u00ea tem a tranquilidade de contar com profissionais que unem experi\u00eancia, inova\u00e7\u00e3o e atendimento personalizado para manter sua opera\u00e7\u00e3o sempre ativa e produtiva.<\/p><p><!--EndFragment --><\/p>\t\t\t\t\t\t\t\t<\/div>\n\t\t\t\t<\/div>\n\t\t\t\t<\/div>\n\t\t<div class=\"elementor-element elementor-element-2bab535 e-con-full e-flex wpr-particle-no wpr-jarallax-no wpr-parallax-no wpr-sticky-section-no wpr-equal-height-no e-con e-child\" data-id=\"2bab535\" data-element_type=\"container\" data-e-type=\"container\" data-settings=\"{&quot;_ha_eqh_enable&quot;:false}\">\n\t\t\t\t<div class=\"elementor-element elementor-element-215b9d6 elementor-widget elementor-widget-image\" data-id=\"215b9d6\" data-element_type=\"widget\" data-e-type=\"widget\" data-widget_type=\"image.default\">\n\t\t\t\t<div class=\"elementor-widget-container\">\n\t\t\t\t\t\t\t\t\t\t\t\t\t\t\t<img decoding=\"async\" width=\"1024\" height=\"1024\" src=\"https:\/\/mfltech.com.br\/wp-content\/uploads\/2026\/01\/Um-tecnico-de-TI-com.png\" class=\"attachment-full size-full wp-image-983\" alt=\"\" srcset=\"https:\/\/mfltech.com.br\/wp-content\/uploads\/2026\/01\/Um-tecnico-de-TI-com.png 1024w, https:\/\/mfltech.com.br\/wp-content\/uploads\/2026\/01\/Um-tecnico-de-TI-com-300x300.png 300w, https:\/\/mfltech.com.br\/wp-content\/uploads\/2026\/01\/Um-tecnico-de-TI-com-150x150.png 150w, https:\/\/mfltech.com.br\/wp-content\/uploads\/2026\/01\/Um-tecnico-de-TI-com-768x768.png 768w, https:\/\/mfltech.com.br\/wp-content\/uploads\/2026\/01\/Um-tecnico-de-TI-com-12x12.png 12w\" sizes=\"(max-width: 1024px) 100vw, 1024px\" \/>\t\t\t\t\t\t\t\t\t\t\t\t\t\t\t<\/div>\n\t\t\t\t<\/div>\n\t\t\t\t<\/div>\n\t\t\t\t\t<\/div>\n\t\t\t\t<\/div>\n\t\t<div class=\"elementor-element elementor-element-1c0f94b e-flex e-con-boxed wpr-particle-no wpr-jarallax-no wpr-parallax-no wpr-sticky-section-no wpr-equal-height-no e-con e-parent\" data-id=\"1c0f94b\" data-element_type=\"container\" data-e-type=\"container\" data-settings=\"{&quot;background_background&quot;:&quot;classic&quot;,&quot;_ha_eqh_enable&quot;:false}\">\n\t\t\t\t\t<div class=\"e-con-inner\">\n\t\t<div class=\"elementor-element elementor-element-988dd3f e-flex e-con-boxed wpr-particle-no wpr-jarallax-no wpr-parallax-no wpr-sticky-section-no wpr-equal-height-no e-con e-child\" data-id=\"988dd3f\" data-element_type=\"container\" data-e-type=\"container\" data-settings=\"{&quot;_ha_eqh_enable&quot;:false}\">\n\t\t\t\t\t<div class=\"e-con-inner\">\n\t\t\t\t<div class=\"elementor-element elementor-element-f166c4e elementor-widget elementor-widget-heading\" data-id=\"f166c4e\" data-element_type=\"widget\" data-e-type=\"widget\" data-widget_type=\"heading.default\">\n\t\t\t\t<div class=\"elementor-widget-container\">\n\t\t\t\t\t<h4 class=\"elementor-heading-title elementor-size-default\">Entre em contato para mais informa\u00e7\u00f5es<\/h4>\t\t\t\t<\/div>\n\t\t\t\t<\/div>\n\t\t\t\t<div class=\"elementor-element elementor-element-4646ff5 elementor-widget__width-auto elementor-align-right elementor-widget elementor-widget-button\" data-id=\"4646ff5\" data-element_type=\"widget\" data-e-type=\"widget\" data-widget_type=\"button.default\">\n\t\t\t\t<div class=\"elementor-widget-container\">\n\t\t\t\t\t\t\t\t\t<div class=\"elementor-button-wrapper\">\n\t\t\t\t\t<a class=\"elementor-button elementor-button-link elementor-size-sm\" href=\"https:\/\/wa.me\/5521983340250?text=Ol%C3%A1%20Marcelo!%20Quero%20um%20or%C3%A7amento.\" target=\"_blank\">\n\t\t\t\t\t\t<span class=\"elementor-button-content-wrapper\">\n\t\t\t\t\t\t\t\t\t<span class=\"elementor-button-text\">Fale Conosco<\/span>\n\t\t\t\t\t<\/span>\n\t\t\t\t\t<\/a>\n\t\t\t\t<\/div>\n\t\t\t\t\t\t\t\t<\/div>\n\t\t\t\t<\/div>\n\t\t\t\t\t<\/div>\n\t\t\t\t<\/div>\n\t\t\t\t\t<\/div>\n\t\t\t\t<\/div>\n\t\t<div class=\"elementor-element elementor-element-9649f9b e-flex e-con-boxed wpr-particle-no wpr-jarallax-no wpr-parallax-no wpr-sticky-section-no wpr-equal-height-no e-con e-parent\" data-id=\"9649f9b\" data-element_type=\"container\" data-e-type=\"container\" data-settings=\"{&quot;background_background&quot;:&quot;classic&quot;,&quot;_ha_eqh_enable&quot;:false}\">\n\t\t\t\t\t<div class=\"e-con-inner\">\n\t\t<div class=\"elementor-element elementor-element-b5c9b73 e-con-full e-flex wpr-particle-no wpr-jarallax-no wpr-parallax-no wpr-sticky-section-no wpr-equal-height-no e-con e-child\" data-id=\"b5c9b73\" data-element_type=\"container\" data-e-type=\"container\" data-settings=\"{&quot;_ha_eqh_enable&quot;:false}\">\n\t\t\t\t<div class=\"elementor-element elementor-element-cbe57c5 elementor-widget elementor-widget-heading\" data-id=\"cbe57c5\" data-element_type=\"widget\" data-e-type=\"widget\" data-widget_type=\"heading.default\">\n\t\t\t\t<div class=\"elementor-widget-container\">\n\t\t\t\t\t<h2 class=\"elementor-heading-title elementor-size-default\">Por que nos contratar<\/h2>\t\t\t\t<\/div>\n\t\t\t\t<\/div>\n\t\t\t\t\t\t\t\t<p class=\"e-836aa30-e7e8def e-paragraph-base\" data-interaction-id=\"836aa30\"  >\n\t\t\t\t\t\t\t\tContratar nossa equipe <strong>\u00e9 garantir um parceiro focado em resultados, que une <\/strong><a target=\"_blank\" href=\"https:\/\/www.google.com\/search?client=opera&amp;q=experi%C3%AAncia+t%C3%A9cnica+relevante&amp;sourceid=opera&amp;ie=UTF-8&amp;oe=UTF-8&amp;ved=2ahUKEwi37-CNrP-SAxXkqZUCHSx_GVQQgK4QegYIAQgAEAQ\"><strong><u>experi\u00eancia t\u00e9cnica relevante<\/u><\/strong><\/a><strong> \u00e0 <\/strong><a target=\"_blank\" href=\"https:\/\/www.google.com\/search?client=opera&amp;q=capacidade+de+solucionar+os+desafios&amp;sourceid=opera&amp;ie=UTF-8&amp;oe=UTF-8&amp;ved=2ahUKEwi37-CNrP-SAxXkqZUCHSx_GVQQgK4QegYIAQgAEAU\"><strong><u>capacidade de solucionar os desafios<\/u><\/strong><\/a><strong> atuais para a sua empresa<\/strong>.\n\t\t\t\t\t<\/p>\n\t\t\t\t<\/div>\n\t\t<div class=\"elementor-element elementor-element-2afeb77 e-con-full e-flex wpr-particle-no wpr-jarallax-no wpr-parallax-no wpr-sticky-section-no wpr-equal-height-no e-con e-child\" data-id=\"2afeb77\" data-element_type=\"container\" data-e-type=\"container\" data-settings=\"{&quot;_ha_eqh_enable&quot;:false}\">\n\t\t\t\t<div class=\"elementor-element elementor-element-45a17db elementor-widget elementor-widget-icon-box\" data-id=\"45a17db\" data-element_type=\"widget\" data-e-type=\"widget\" data-widget_type=\"icon-box.default\">\n\t\t\t\t<div class=\"elementor-widget-container\">\n\t\t\t\t\t\t\t<div class=\"elementor-icon-box-wrapper\">\n\n\t\t\t\n\t\t\t\t\t\t<div class=\"elementor-icon-box-content\">\n\n\t\t\t\t\t\t\t\t\t<h3 class=\"elementor-icon-box-title\">\n\t\t\t\t\t\t<span  >\n\t\t\t\t\t\t\tGarantia real\t\t\t\t\t\t<\/span>\n\t\t\t\t\t<\/h3>\n\t\t\t\t\n\t\t\t\t\t\t\t\t\t<p class=\"elementor-icon-box-description\">\n\t\t\t\t\t\tServi\u00e7o com garantia e transpar\u00eancia.\t\t\t\t\t<\/p>\n\t\t\t\t\n\t\t\t<\/div>\n\t\t\t\n\t\t<\/div>\n\t\t\t\t\t\t<\/div>\n\t\t\t\t<\/div>\n\t\t\t\t<\/div>\n\t\t<div class=\"elementor-element elementor-element-7a0c3d7 e-con-full e-flex wpr-particle-no wpr-jarallax-no wpr-parallax-no wpr-sticky-section-no wpr-equal-height-no e-con e-child\" data-id=\"7a0c3d7\" data-element_type=\"container\" data-e-type=\"container\" data-settings=\"{&quot;_ha_eqh_enable&quot;:false}\">\n\t\t\t\t<div class=\"elementor-element elementor-element-35d5176 elementor-widget elementor-widget-icon-box\" data-id=\"35d5176\" data-element_type=\"widget\" data-e-type=\"widget\" data-widget_type=\"icon-box.default\">\n\t\t\t\t<div class=\"elementor-widget-container\">\n\t\t\t\t\t\t\t<div class=\"elementor-icon-box-wrapper\">\n\n\t\t\t\n\t\t\t\t\t\t<div class=\"elementor-icon-box-content\">\n\n\t\t\t\t\t\t\t\t\t<h3 class=\"elementor-icon-box-title\">\n\t\t\t\t\t\t<span  >\n\t\t\t\t\t\t\tAtendimento 7 dias\t\t\t\t\t\t<\/span>\n\t\t\t\t\t<\/h3>\n\t\t\t\t\n\t\t\t\t\t\t\t\t\t<p class=\"elementor-icon-box-description\">\n\t\t\t\t\t\tSuporte quando voc\u00ea precisa.\t\t\t\t\t<\/p>\n\t\t\t\t\n\t\t\t<\/div>\n\t\t\t\n\t\t<\/div>\n\t\t\t\t\t\t<\/div>\n\t\t\t\t<\/div>\n\t\t\t\t<\/div>\n\t\t<div class=\"elementor-element elementor-element-0a01e61 e-con-full e-flex wpr-particle-no wpr-jarallax-no wpr-parallax-no wpr-sticky-section-no wpr-equal-height-no e-con e-child\" data-id=\"0a01e61\" data-element_type=\"container\" data-e-type=\"container\" data-settings=\"{&quot;_ha_eqh_enable&quot;:false}\">\n\t\t\t\t<div class=\"elementor-element elementor-element-cc072ce elementor-widget elementor-widget-icon-box\" data-id=\"cc072ce\" data-element_type=\"widget\" data-e-type=\"widget\" data-widget_type=\"icon-box.default\">\n\t\t\t\t<div class=\"elementor-widget-container\">\n\t\t\t\t\t\t\t<div class=\"elementor-icon-box-wrapper\">\n\n\t\t\t\n\t\t\t\t\t\t<div class=\"elementor-icon-box-content\">\n\n\t\t\t\t\t\t\t\t\t<h3 class=\"elementor-icon-box-title\">\n\t\t\t\t\t\t<span  >\n\t\t\t\t\t\t\tOr\u00e7amento antes\t\t\t\t\t\t<\/span>\n\t\t\t\t\t<\/h3>\n\t\t\t\t\n\t\t\t\t\t\t\t\t\t<p class=\"elementor-icon-box-description\">\n\t\t\t\t\t\tVoc\u00ea aprova antes de executar.\t\t\t\t\t<\/p>\n\t\t\t\t\n\t\t\t<\/div>\n\t\t\t\n\t\t<\/div>\n\t\t\t\t\t\t<\/div>\n\t\t\t\t<\/div>\n\t\t\t\t<\/div>\n\t\t<div class=\"elementor-element elementor-element-a7a56f6 e-con-full e-flex wpr-particle-no wpr-jarallax-no wpr-parallax-no wpr-sticky-section-no wpr-equal-height-no e-con e-child\" data-id=\"a7a56f6\" data-element_type=\"container\" data-e-type=\"container\" data-settings=\"{&quot;_ha_eqh_enable&quot;:false}\">\n\t\t\t\t<div class=\"elementor-element elementor-element-18e1ee1 elementor-widget elementor-widget-icon-box\" data-id=\"18e1ee1\" data-element_type=\"widget\" data-e-type=\"widget\" data-widget_type=\"icon-box.default\">\n\t\t\t\t<div class=\"elementor-widget-container\">\n\t\t\t\t\t\t\t<div class=\"elementor-icon-box-wrapper\">\n\n\t\t\t\n\t\t\t\t\t\t<div class=\"elementor-icon-box-content\">\n\n\t\t\t\t\t\t\t\t\t<h3 class=\"elementor-icon-box-title\">\n\t\t\t\t\t\t<span  >\n\t\t\t\t\t\t\tEntrega com prazo\t\t\t\t\t\t<\/span>\n\t\t\t\t\t<\/h3>\n\t\t\t\t\n\t\t\t\t\t\t\t\t\t<p class=\"elementor-icon-box-description\">\n\t\t\t\t\t\tCronograma claro e comunica\u00e7\u00e3o.\t\t\t\t\t<\/p>\n\t\t\t\t\n\t\t\t<\/div>\n\t\t\t\n\t\t<\/div>\n\t\t\t\t\t\t<\/div>\n\t\t\t\t<\/div>\n\t\t\t\t<\/div>\n\t\t\t\t\t<\/div>\n\t\t\t\t<\/div>\n\t\t\t\t<\/div>\n\t\t","protected":false},"excerpt":{"rendered":"<p>Transforme sua vis\u00e3o em tecnologia Na MFL Tech, oferecemos solu\u00e7\u00f5es tecnol\u00f3gicas personalizadas para impulsionar seu neg\u00f3cio. Nossa expertise abrange desenvolvimento de software, manuten\u00e7\u00e3o de dispositivos e servi\u00e7os em nuvem, garantindo que sua empresa esteja sempre \u00e0 frente no mercado. Descubra como podemos ajudar voc\u00ea a alcan\u00e7ar seus objetivos com inova\u00e7\u00e3o e confian\u00e7a. Clientes Satisfeitos + 0 Sites Construidos + 0 Atendimentos conclu\u00eddos + 0 Voc\u00ea est\u00e1 perdendo vendas por falta de presen\u00e7a? \ud83d\udcc9 Muitas empresas excelentes morrem no anonimato porque n\u00e3o s\u00e3o encontradas na internet. Se voc\u00ea ainda depende apenas de indica\u00e7\u00f5es ou das redes sociais (que nem s\u00e3o suas de verdade!), seu neg\u00f3cio corre perigo. Na MFL tech, transformamos o seu neg\u00f3cio f\u00edsico em uma pot\u00eancia digital: \u2705 Sites Institucionais: Sua vitrine profissional. \ud83d\uded2 E-commerce: Sua loja aberta 24h, vendendo para qualquer lugar. \ud83d\ude80 Landing Pages: P\u00e1ginas de alta convers\u00e3o para seus an\u00fancios. Pre\u00e7o justo e tecnologia de ponta. O site que voc\u00ea sempre quis, pelo valor que voc\u00ea pode pagar. Servi\u00e7os de TI Sob Medida Na MFL Tech, oferecemos solu\u00e7\u00f5es completas em Tecnologia da Informa\u00e7\u00e3o para empresas e usu\u00e1rios que precisam de suporte confi\u00e1vel e eficiente. Nosso objetivo \u00e9 garantir que sua infraestrutura tecnol\u00f3gica funcione sempre com seguran\u00e7a, desempenho e estabilidade. \ud83d\udd27 O que fazemos por voc\u00ea: Suporte t\u00e9cnico especializado e atendimento remoto ou presencial Instala\u00e7\u00e3o e configura\u00e7\u00e3o de sistemas e softwares Manuten\u00e7\u00e3o preventiva e corretiva em equipamentos de TI Gest\u00e3o e otimiza\u00e7\u00e3o de redes e servidores Consultoria para melhorias e expans\u00e3o da infraestrutura tecnol\u00f3gica \ud83d\udca1 Com a MFL Tech, voc\u00ea tem a tranquilidade de contar com profissionais que unem experi\u00eancia, inova\u00e7\u00e3o e atendimento personalizado para manter sua opera\u00e7\u00e3o sempre ativa e produtiva. Entre em contato para mais informa\u00e7\u00f5es Fale Conosco Por que nos contratar Contratar nossa equipe \u00e9 garantir um parceiro focado em resultados, que une experi\u00eancia t\u00e9cnica relevante \u00e0 capacidade de solucionar os desafios atuais para a sua empresa. Garantia real Servi\u00e7o com garantia e transpar\u00eancia. Atendimento 7 dias Suporte quando voc\u00ea precisa. Or\u00e7amento antes Voc\u00ea aprova antes de executar. Entrega com prazo Cronograma claro e comunica\u00e7\u00e3o.<\/p>\n","protected":false},"author":1,"featured_media":0,"parent":0,"menu_order":0,"comment_status":"closed","ping_status":"closed","template":"","meta":{"om_disable_all_campaigns":false,"_monsterinsights_skip_tracking":false,"_monsterinsights_sitenote_active":false,"_monsterinsights_sitenote_note":"","_monsterinsights_sitenote_category":0,"footnotes":""},"class_list":["post-833","page","type-page","status-publish","hentry"],"aioseo_notices":[],"_links":{"self":[{"href":"https:\/\/mfltech.com.br\/index.php?rest_route=\/wp\/v2\/pages\/833","targetHints":{"allow":["GET"]}}],"collection":[{"href":"https:\/\/mfltech.com.br\/index.php?rest_route=\/wp\/v2\/pages"}],"about":[{"href":"https:\/\/mfltech.com.br\/index.php?rest_route=\/wp\/v2\/types\/page"}],"author":[{"embeddable":true,"href":"https:\/\/mfltech.com.br\/index.php?rest_route=\/wp\/v2\/users\/1"}],"replies":[{"embeddable":true,"href":"https:\/\/mfltech.com.br\/index.php?rest_route=%2Fwp%2Fv2%2Fcomments&post=833"}],"version-history":[{"count":56,"href":"https:\/\/mfltech.com.br\/index.php?rest_route=\/wp\/v2\/pages\/833\/revisions"}],"predecessor-version":[{"id":1725,"href":"https:\/\/mfltech.com.br\/index.php?rest_route=\/wp\/v2\/pages\/833\/revisions\/1725"}],"wp:attachment":[{"href":"https:\/\/mfltech.com.br\/index.php?rest_route=%2Fwp%2Fv2%2Fmedia&parent=833"}],"curies":[{"name":"wp","href":"https:\/\/api.w.org\/{rel}","templated":true}]}}